{"id":1221,"date":"2025-06-04T15:41:48","date_gmt":"2025-06-04T15:41:48","guid":{"rendered":"https:\/\/horizonusherfoundation.org\/conditions-generales-dutilisation\/"},"modified":"2025-08-25T09:50:10","modified_gmt":"2025-08-25T09:50:10","slug":"conditions-generales-dutilisation","status":"publish","type":"page","link":"https:\/\/horizonusherfoundation.org\/fr\/conditions-generales-dutilisation\/","title":{"rendered":"Conditions G\u00e9n\u00e9rales d\u2019Utilisation"},"content":{"rendered":"<p data-start=\"223\" data-end=\"267\"><strong data-start=\"223\" data-end=\"253\">Date d\u2019entr\u00e9e en vigueur :<\/strong> 25\/08\/2025<\/p>\n<p data-start=\"269\" data-end=\"377\">En acc\u00e9dant \u00e0 ce site web (<a class=\"\" href=\"https:\/\/www.horizonusherfoundation.org\" target=\"_new\" rel=\"noopener\" data-start=\"296\" data-end=\"334\">https:\/\/www.horizonusherfoundation.org<\/a>), vous acceptez les conditions suivantes :<\/p>\n<h3 data-start=\"379\" data-end=\"405\">1. Utilisation du site<\/h3>\n<p data-start=\"406\" data-end=\"653\">Vous pouvez consulter et utiliser ce site \u00e0 des fins personnelles et non commerciales. Vous vous engagez \u00e0 ne pas l\u2019utiliser de mani\u00e8re nuisible, abusive ou susceptible d\u2019interrompre son bon fonctionnement ou de porter atteinte \u00e0 ses utilisateurs.<\/p>\n<h3 data-start=\"655\" data-end=\"666\">2. Dons<\/h3>\n<p data-start=\"667\" data-end=\"902\">Tous les dons effectu\u00e9s via ce site sont <strong data-start=\"708\" data-end=\"744\">volontaires et non remboursables<\/strong>. Les transactions sont trait\u00e9es de mani\u00e8re s\u00e9curis\u00e9e par Stripe. La Horizon Usher Foundation ne stocke pas vos donn\u00e9es bancaires ou informations de paiement.<\/p>\n<h3 data-start=\"904\" data-end=\"935\">3. Propri\u00e9t\u00e9 intellectuelle<\/h3>\n<p data-start=\"936\" data-end=\"1204\">Tous les contenus du site (textes, images, vid\u00e9os, logos, mise en page, etc.) sont la propri\u00e9t\u00e9 exclusive de la Horizon Usher Foundation, sauf mention contraire. Toute reproduction, utilisation ou diffusion sans autorisation \u00e9crite pr\u00e9alable est strictement interdite.<\/p>\n<h3 data-start=\"1206\" data-end=\"1227\">4. Liens externes<\/h3>\n<p data-start=\"1228\" data-end=\"1367\">Le site peut contenir des liens vers des sites tiers. La Fondation n\u2019est pas responsable du contenu ou des pratiques de ces sites externes.<\/p>\n<h3 data-start=\"1369\" data-end=\"1404\">5. Limitation de responsabilit\u00e9<\/h3>\n<p data-start=\"1405\" data-end=\"1622\">Nous faisons tout notre possible pour maintenir ce site \u00e0 jour et s\u00e9curis\u00e9, mais nous ne pouvons garantir l\u2019absence totale d\u2019erreurs ou d\u2019interruptions temporaires. L\u2019utilisation du site se fait \u00e0 vos propres risques.<\/p>\n<h3 data-start=\"1624\" data-end=\"1647\">6. Droit applicable<\/h3>\n<p data-start=\"1648\" data-end=\"1825\">Ces conditions sont r\u00e9gies par la l\u00e9gislation fran\u00e7aise. Tout litige relatif \u00e0 l\u2019utilisation du site rel\u00e8vera de la comp\u00e9tence exclusive des tribunaux de <strong data-start=\"1802\" data-end=\"1824\">Paris, France<\/strong>.<\/p>\n","protected":false},"excerpt":{"rendered":"<p>Date d\u2019entr\u00e9e en vigueur : 25\/08\/2025 En acc\u00e9dant \u00e0 ce site web (https:\/\/www.horizonusherfoundation.org), vous acceptez les conditions suivantes : 1. Utilisation du site Vous pouvez consulter et utiliser ce site \u00e0 des fins personnelles et non commerciales. Vous vous engagez \u00e0 ne pas l\u2019utiliser de mani\u00e8re nuisible, abusive ou susceptible d\u2019interrompre son bon fonctionnement ou [&hellip;]<\/p>\n","protected":false},"author":2,"featured_media":0,"parent":0,"menu_order":7,"comment_status":"closed","ping_status":"closed","template":"","meta":{"_acf_changed":false,"footnotes":""},"class_list":["post-1221","page","type-page","status-publish","hentry"],"acf":[],"jetpack_sharing_enabled":true,"_links":{"self":[{"href":"https:\/\/horizonusherfoundation.org\/fr\/wp-json\/wp\/v2\/pages\/1221","targetHints":{"allow":["GET"]}}],"collection":[{"href":"https:\/\/horizonusherfoundation.org\/fr\/wp-json\/wp\/v2\/pages"}],"about":[{"href":"https:\/\/horizonusherfoundation.org\/fr\/wp-json\/wp\/v2\/types\/page"}],"author":[{"embeddable":true,"href":"https:\/\/horizonusherfoundation.org\/fr\/wp-json\/wp\/v2\/users\/2"}],"replies":[{"embeddable":true,"href":"https:\/\/horizonusherfoundation.org\/fr\/wp-json\/wp\/v2\/comments?post=1221"}],"version-history":[{"count":2,"href":"https:\/\/horizonusherfoundation.org\/fr\/wp-json\/wp\/v2\/pages\/1221\/revisions"}],"predecessor-version":[{"id":1531,"href":"https:\/\/horizonusherfoundation.org\/fr\/wp-json\/wp\/v2\/pages\/1221\/revisions\/1531"}],"wp:attachment":[{"href":"https:\/\/horizonusherfoundation.org\/fr\/wp-json\/wp\/v2\/media?parent=1221"}],"curies":[{"name":"wp","href":"https:\/\/api.w.org\/{rel}","templated":true}]}}