{"id":1206,"date":"2025-05-14T12:14:46","date_gmt":"2025-05-14T12:14:46","guid":{"rendered":"https:\/\/horizonusherfoundation.org\/about-us\/"},"modified":"2026-01-07T08:51:46","modified_gmt":"2026-01-07T08:51:46","slug":"a-propos","status":"publish","type":"page","link":"https:\/\/horizonusherfoundation.org\/fr\/a-propos\/","title":{"rendered":"\u00c0 propos de nous"},"content":{"rendered":"<p>Benjamin Demarquilly est mannequin et fondateur de Horizon Usher Foundation. Atteint de r\u00e9tinite pigmentaire, il a choisi de mettre son parcours personnel et professionnel au service d\u2019une cause qui lui tient profond\u00e9ment \u00e0 c\u0153ur : faire avancer la recherche et sensibiliser aux maladies rares de la vision. Fort d\u2019une exp\u00e9rience dans l\u2019industrie de la mode en Europe, Benjamin utilise aujourd\u2019hui sa visibilit\u00e9 pour cr\u00e9er une communaut\u00e9, faire le lien entre la science et la soci\u00e9t\u00e9, et mobiliser les \u00e9nergies autour de l\u2019espoir d\u2019un traitement. \u00c0 travers la fondation, il s\u2019engage \u00e0 \u00eatre la voix de celles et ceux qui sont trop peu souvent entendus.<\/p>\n","protected":false},"excerpt":{"rendered":"<p>Benjamin Demarquilly est mannequin et fondateur de Horizon Usher Foundation. Atteint de r\u00e9tinite pigmentaire, il a choisi de mettre son parcours personnel et professionnel au service d\u2019une cause qui lui tient profond\u00e9ment \u00e0 c\u0153ur : faire avancer la recherche et sensibiliser aux maladies rares de la vision. Fort d\u2019une exp\u00e9rience dans l\u2019industrie de la mode [&hellip;]<\/p>\n","protected":false},"author":2,"featured_media":0,"parent":0,"menu_order":32,"comment_status":"closed","ping_status":"closed","template":"about.php","meta":{"_acf_changed":false,"footnotes":""},"class_list":["post-1206","page","type-page","status-publish","hentry"],"acf":[],"jetpack_sharing_enabled":true,"_links":{"self":[{"href":"https:\/\/horizonusherfoundation.org\/fr\/wp-json\/wp\/v2\/pages\/1206","targetHints":{"allow":["GET"]}}],"collection":[{"href":"https:\/\/horizonusherfoundation.org\/fr\/wp-json\/wp\/v2\/pages"}],"about":[{"href":"https:\/\/horizonusherfoundation.org\/fr\/wp-json\/wp\/v2\/types\/page"}],"author":[{"embeddable":true,"href":"https:\/\/horizonusherfoundation.org\/fr\/wp-json\/wp\/v2\/users\/2"}],"replies":[{"embeddable":true,"href":"https:\/\/horizonusherfoundation.org\/fr\/wp-json\/wp\/v2\/comments?post=1206"}],"version-history":[{"count":29,"href":"https:\/\/horizonusherfoundation.org\/fr\/wp-json\/wp\/v2\/pages\/1206\/revisions"}],"predecessor-version":[{"id":4391,"href":"https:\/\/horizonusherfoundation.org\/fr\/wp-json\/wp\/v2\/pages\/1206\/revisions\/4391"}],"wp:attachment":[{"href":"https:\/\/horizonusherfoundation.org\/fr\/wp-json\/wp\/v2\/media?parent=1206"}],"curies":[{"name":"wp","href":"https:\/\/api.w.org\/{rel}","templated":true}]}}